{"id":12,"date":"2025-09-09T11:32:53","date_gmt":"2025-09-09T09:32:53","guid":{"rendered":"https:\/\/demoia.tartesos.info\/?page_id=12"},"modified":"2025-09-09T11:32:53","modified_gmt":"2025-09-09T09:32:53","slug":"about","status":"publish","type":"page","link":"https:\/\/demoia.tartesos.info\/index.php\/about\/","title":{"rendered":"About"},"content":{"rendered":"<p>[et_pb_section fb_built=\u00bb1&#8243; admin_label=\u00bbHeader\u00bb _builder_version=\u00bb4.27.4&#8243; _module_preset=\u00bbdefault\u00bb hover_enabled=\u00bb0&#8243; collapsed=\u00bbon\u00bb global_colors_info=\u00bb{}\u00bb][et_pb_row _builder_version=\u00bb4.27.4&#8243; _module_preset=\u00bbdefault\u00bb hover_enabled=\u00bb0&#8243; global_colors_info=\u00bb{}\u00bb][et_pb_column type=\u00bb4_4&#8243; _builder_version=\u00bb4.27.4&#8243; _module_preset=\u00bbdefault\u00bb hover_enabled=\u00bb0&#8243; global_colors_info=\u00bb{}\u00bb][et_pb_heading title=\u00bbSobre nosotros\u00bb _builder_version=\u00bb4.27.4&#8243; _module_preset=\u00bb9ffeb772-870e-49b7-b107-0256374b87a6&#8243; custom_margin=\u00bb||10px||false|false\u00bb hover_enabled=\u00bb0&#8243; global_colors_info=\u00bb{}\u00bb][\/et_pb_heading][et_pb_heading title=\u00bbEn Divi Corporate, potenciamos a las empresas con soluciones innovadoras que impulsan el crecimiento y el \u00e9xito. Nuestro compromiso con la excelencia, la estrategia y la innovaci\u00f3n nos ha convertido en un socio de confianza para las empresas que buscan mantenerse a la vanguardia en un mercado en constante evoluci\u00f3n.\u00bb _builder_version=\u00bb4.27.4&#8243; _module_preset=\u00bb57bf9588-1fe3-44c6-af1c-5027915d1a0b\u00bb max_width=\u00bb980px\u00bb hover_enabled=\u00bb0&#8243; global_colors_info=\u00bb{}\u00bb][\/et_pb_heading][\/et_pb_column][\/et_pb_row][\/et_pb_section][et_pb_section fb_built=\u00bb1&#8243; admin_label=\u00bbAbout\u00bb _builder_version=\u00bb4.27.4&#8243; _module_preset=\u00bbdefault\u00bb hover_enabled=\u00bb0&#8243; collapsed=\u00bbon\u00bb global_colors_info=\u00bb{}\u00bb][et_pb_row _builder_version=\u00bb4.27.4&#8243; _module_preset=\u00bbdefault\u00bb hover_enabled=\u00bb0&#8243; global_colors_info=\u00bb{}\u00bb][et_pb_column type=\u00bb4_4&#8243; _builder_version=\u00bb4.27.4&#8243; _module_preset=\u00bbdefault\u00bb hover_enabled=\u00bb0&#8243; global_colors_info=\u00bb{}\u00bb][et_pb_image src=\u00bbhttps:\/\/demoia.tartesos.info\/wp-content\/uploads\/2025\/09\/professional-11.jpg\u00bb title_text=\u00bbprofessional-11&#8243; force_fullwidth=\u00bbon\u00bb _builder_version=\u00bb4.27.4&#8243; _module_preset=\u00bb112d06e4-8e33-4203-9fa8-f211d05aeb05&#8243; hover_enabled=\u00bb0&#8243; global_colors_info=\u00bb{}\u00bb][\/et_pb_image][\/et_pb_column][\/et_pb_row][et_pb_row column_structure=\u00bb3_5,2_5&#8243; _builder_version=\u00bb4.27.4&#8243; _module_preset=\u00bbdefault\u00bb hover_enabled=\u00bb0&#8243; global_colors_info=\u00bb{}\u00bb][et_pb_column type=\u00bb3_5&#8243; _builder_version=\u00bb4.27.4&#8243; _module_preset=\u00bbdefault\u00bb hover_enabled=\u00bb0&#8243; global_colors_info=\u00bb{}\u00bb][et_pb_text _builder_version=\u00bb4.27.4&#8243; _module_preset=\u00bbdefault\u00bb hover_enabled=\u00bb0&#8243; global_colors_info=\u00bb{}\u00bb]En Divi Corporate, potenciamos a las empresas con soluciones innovadoras que impulsan el crecimiento y el \u00e9xito. Nuestro compromiso con la excelencia, la estrategia y la innovaci\u00f3n nos ha convertido en un socio de confianza para las empresas que buscan mantenerse a la vanguardia en un mercado en constante evoluci\u00f3n. En Divi Corporate, potenciamos a las empresas con soluciones innovadoras que impulsan el crecimiento y el \u00e9xito. Nuestro compromiso con la excelencia, la estrategia y la innovaci\u00f3n nos ha convertido en un socio de confianza para las empresas que buscan mantenerse a la vanguardia en un mercado en constante evoluci\u00f3n.[\/et_pb_text][\/et_pb_column][et_pb_column type=\u00bb2_5&#8243; _builder_version=\u00bb4.27.4&#8243; _module_preset=\u00bbdefault\u00bb hover_enabled=\u00bb0&#8243; global_colors_info=\u00bb{}\u00bb][et_pb_heading title=\u00bbEn Divi nos mantenemos a la vanguardia en un mercado en constante evoluci\u00f3n\u00bb _builder_version=\u00bb4.27.4&#8243; _module_preset=\u00bb57bf9588-1fe3-44c6-af1c-5027915d1a0b\u00bb custom_margin=\u00bb||10px||false|false\u00bb hover_enabled=\u00bb0&#8243; global_colors_info=\u00bb{}\u00bb][\/et_pb_heading][et_pb_button button_text=\u00bbAgenda una consulta\u00bb _builder_version=\u00bb4.27.4&#8243; _module_preset=\u00bb1f934724-614d-431e-bf7f-98e2aa4ed8b1&#8243; hover_enabled=\u00bb0&#8243; global_colors_info=\u00bb{}\u00bb][\/et_pb_button][\/et_pb_column][\/et_pb_row][et_pb_row column_structure=\u00bb1_2,1_2&#8243; custom_padding_last_edited=\u00bbon|tablet\u00bb _builder_version=\u00bb4.27.4&#8243; _module_preset=\u00bbdefault\u00bb custom_padding_tablet=\u00bb||0px||false|false\u00bb custom_padding_phone=\u00bb||0px||false|false\u00bb hover_enabled=\u00bb0&#8243; global_colors_info=\u00bb{}\u00bb][et_pb_column type=\u00bb1_2&#8243; _builder_version=\u00bb4.27.4&#8243; _module_preset=\u00bbdefault\u00bb hover_enabled=\u00bb0&#8243; global_colors_info=\u00bb{}\u00bb][et_pb_heading title=\u00bbInnovaci\u00f3n ante todo\u00bb _builder_version=\u00bb4.27.4&#8243; _module_preset=\u00bb1c7b4815-840d-4aa5-82bc-11e0851a3d56&#8243; custom_margin=\u00bb||0px||false|false\u00bb hover_enabled=\u00bb0&#8243; global_colors_info=\u00bb{}\u00bb][\/et_pb_heading][et_pb_text _builder_version=\u00bb4.27.4&#8243; _module_preset=\u00bbc04c4904-24f9-441f-8fab-46b9ba7e9e65&#8243; hover_enabled=\u00bb0&#8243; global_colors_info=\u00bb{}\u00bb]Adoptamos nuevas ideas y tecnolog\u00edas emergentes.[\/et_pb_text][\/et_pb_column][et_pb_column type=\u00bb1_2&#8243; _builder_version=\u00bb4.27.4&#8243; _module_preset=\u00bbdefault\u00bb hover_enabled=\u00bb0&#8243; global_colors_info=\u00bb{}\u00bb][et_pb_heading title=\u00bbEnfoque centrado en el cliente\u00bb _builder_version=\u00bb4.27.4&#8243; _module_preset=\u00bb1c7b4815-840d-4aa5-82bc-11e0851a3d56&#8243; custom_margin=\u00bb||0px||false|false\u00bb hover_enabled=\u00bb0&#8243; global_colors_info=\u00bb{}\u00bb][\/et_pb_heading][et_pb_text _builder_version=\u00bb4.27.4&#8243; _module_preset=\u00bbc04c4904-24f9-441f-8fab-46b9ba7e9e65&#8243; hover_enabled=\u00bb0&#8243; global_colors_info=\u00bb{}\u00bb]Tu \u00e9xito es nuestra prioridad.[\/et_pb_text][\/et_pb_column][\/et_pb_row][et_pb_row column_structure=\u00bb1_2,1_2&#8243; _builder_version=\u00bb4.27.4&#8243; _module_preset=\u00bbdefault\u00bb hover_enabled=\u00bb0&#8243; global_colors_info=\u00bb{}\u00bb][et_pb_column type=\u00bb1_2&#8243; _builder_version=\u00bb4.27.4&#8243; _module_preset=\u00bbdefault\u00bb hover_enabled=\u00bb0&#8243; global_colors_info=\u00bb{}\u00bb][et_pb_heading title=\u00bbIntegridad y transparencia\u00bb _builder_version=\u00bb4.27.4&#8243; _module_preset=\u00bb1c7b4815-840d-4aa5-82bc-11e0851a3d56&#8243; custom_margin=\u00bb||0px||false|false\u00bb hover_enabled=\u00bb0&#8243; global_colors_info=\u00bb{}\u00bb][\/et_pb_heading][et_pb_text _builder_version=\u00bb4.27.4&#8243; _module_preset=\u00bbc04c4904-24f9-441f-8fab-46b9ba7e9e65&#8243; hover_enabled=\u00bb0&#8243; global_colors_info=\u00bb{}\u00bb]Generamos confianza mediante pr\u00e1cticas honestas y \u00e9ticas.[\/et_pb_text][\/et_pb_column][et_pb_column type=\u00bb1_2&#8243; _builder_version=\u00bb4.27.4&#8243; _module_preset=\u00bbdefault\u00bb hover_enabled=\u00bb0&#8243; global_colors_info=\u00bb{}\u00bb][et_pb_heading title=\u00bbColaboraci\u00f3n y crecimiento\u00bb _builder_version=\u00bb4.27.4&#8243; _module_preset=\u00bb1c7b4815-840d-4aa5-82bc-11e0851a3d56&#8243; custom_margin=\u00bb||0px||false|false\u00bb hover_enabled=\u00bb0&#8243; global_colors_info=\u00bb{}\u00bb][\/et_pb_heading][et_pb_text _builder_version=\u00bb4.27.4&#8243; _module_preset=\u00bbc04c4904-24f9-441f-8fab-46b9ba7e9e65&#8243; hover_enabled=\u00bb0&#8243; global_colors_info=\u00bb{}\u00bb]Las alianzas s\u00f3lidas crean empresas m\u00e1s fuertes.[\/et_pb_text][\/et_pb_column][\/et_pb_row][\/et_pb_section][et_pb_section fb_built=\u00bb1&#8243; admin_label=\u00bbTeam\u00bb _builder_version=\u00bb4.27.4&#8243; _module_preset=\u00bb800d7f95-9f56-4db0-b5c2-31a9733cbeda\u00bb hover_enabled=\u00bb0&#8243; collapsed=\u00bbon\u00bb global_colors_info=\u00bb{}\u00bb][et_pb_row _builder_version=\u00bb4.27.4&#8243; _module_preset=\u00bbdefault\u00bb hover_enabled=\u00bb0&#8243; global_colors_info=\u00bb{}\u00bb][et_pb_column type=\u00bb4_4&#8243; _builder_version=\u00bb4.27.4&#8243; _module_preset=\u00bbdefault\u00bb hover_enabled=\u00bb0&#8243; global_colors_info=\u00bb{}\u00bb][et_pb_heading title=\u00bbConoce a nuestro equipo\u00bb _builder_version=\u00bb4.27.4&#8243; _module_preset=\u00bb0f4811ee-7580-4c88-849a-766062550f4e\u00bb title_text_color=\u00bb#FFFFFF\u00bb hover_enabled=\u00bb0&#8243; global_colors_info=\u00bb{}\u00bb][\/et_pb_heading][et_pb_heading title=\u00bbLos expertos detr\u00e1s de Divi\u00bb _builder_version=\u00bb4.27.4&#8243; _module_preset=\u00bbf3b7b029-7c60-404f-b28a-6e4fefca25a0&#8243; title_text_color=\u00bb#FFFFFF\u00bb hover_enabled=\u00bb0&#8243; global_colors_info=\u00bb{}\u00bb][\/et_pb_heading][\/et_pb_column][\/et_pb_row][et_pb_row column_structure=\u00bb1_4,1_4,1_4,1_4&#8243; use_custom_gutter=\u00bbon\u00bb gutter_width=\u00bb2&#8243; _builder_version=\u00bb4.27.4&#8243; _module_preset=\u00bbdefault\u00bb hover_enabled=\u00bb0&#8243; global_colors_info=\u00bb{}\u00bb][et_pb_column type=\u00bb1_4&#8243; _builder_version=\u00bb4.27.4&#8243; _module_preset=\u00bbdefault\u00bb hover_enabled=\u00bb0&#8243; global_colors_info=\u00bb{}\u00bb][et_pb_image src=\u00bbhttps:\/\/demoia.tartesos.info\/wp-content\/uploads\/2025\/09\/professional-15.jpg\u00bb title_text=\u00bbprofessional-15&#8243; url=\u00bb#\u00bb _builder_version=\u00bb4.27.4&#8243; _module_preset=\u00bb69da0da0-2be5-4ff2-89fb-f87a599ac333&#8243; hover_enabled=\u00bb0&#8243; global_colors_info=\u00bb{}\u00bb][\/et_pb_image][et_pb_heading title=\u00bbMasat Ali\u00bb _builder_version=\u00bb4.27.4&#8243; _module_preset=\u00bb1c7b4815-840d-4aa5-82bc-11e0851a3d56&#8243; title_text_color=\u00bb#FFFFFF\u00bb custom_margin=\u00bb||0px||false|false\u00bb hover_enabled=\u00bb0&#8243; global_colors_info=\u00bb{}\u00bb][\/et_pb_heading][et_pb_heading title=\u00bbCEO y Fundador\u00bb _builder_version=\u00bb4.27.4&#8243; _module_preset=\u00bb34d24f87-4a46-481d-9cd7-d7ab5672358e\u00bb title_text_color=\u00bb#FFFFFF\u00bb custom_margin=\u00bb||10px||false|false\u00bb hover_enabled=\u00bb0&#8243; global_colors_info=\u00bb{}\u00bb][\/et_pb_heading][\/et_pb_column][et_pb_column type=\u00bb1_4&#8243; _builder_version=\u00bb4.27.4&#8243; _module_preset=\u00bbdefault\u00bb hover_enabled=\u00bb0&#8243; global_colors_info=\u00bb{}\u00bb][et_pb_image src=\u00bbhttps:\/\/demoia.tartesos.info\/wp-content\/uploads\/2025\/09\/professional-14b.jpg\u00bb title_text=\u00bbprofessional-14b\u00bb url=\u00bb#\u00bb _builder_version=\u00bb4.27.4&#8243; _module_preset=\u00bb69da0da0-2be5-4ff2-89fb-f87a599ac333&#8243; hover_enabled=\u00bb0&#8243; global_colors_info=\u00bb{}\u00bb][\/et_pb_image][et_pb_heading title=\u00bbLayla Khan\u00bb _builder_version=\u00bb4.27.4&#8243; _module_preset=\u00bb1c7b4815-840d-4aa5-82bc-11e0851a3d56&#8243; title_text_color=\u00bb#FFFFFF\u00bb custom_margin=\u00bb||0px||false|false\u00bb hover_enabled=\u00bb0&#8243; global_colors_info=\u00bb{}\u00bb][\/et_pb_heading][et_pb_heading title=\u00bbEstratega empresarial\u00bb _builder_version=\u00bb4.27.4&#8243; _module_preset=\u00bb34d24f87-4a46-481d-9cd7-d7ab5672358e\u00bb title_text_color=\u00bb#FFFFFF\u00bb custom_margin=\u00bb||10px||false|false\u00bb hover_enabled=\u00bb0&#8243; global_colors_info=\u00bb{}\u00bb][\/et_pb_heading][\/et_pb_column][et_pb_column type=\u00bb1_4&#8243; _builder_version=\u00bb4.27.4&#8243; _module_preset=\u00bbdefault\u00bb hover_enabled=\u00bb0&#8243; global_colors_info=\u00bb{}\u00bb][et_pb_image src=\u00bbhttps:\/\/demoia.tartesos.info\/wp-content\/uploads\/2025\/09\/professional-13.jpg\u00bb title_text=\u00bbprofessional-13&#8243; url=\u00bb#\u00bb _builder_version=\u00bb4.27.4&#8243; _module_preset=\u00bb69da0da0-2be5-4ff2-89fb-f87a599ac333&#8243; hover_enabled=\u00bb0&#8243; global_colors_info=\u00bb{}\u00bb][\/et_pb_image][et_pb_heading title=\u00bbJaffar Haider\u00bb _builder_version=\u00bb4.27.4&#8243; _module_preset=\u00bb1c7b4815-840d-4aa5-82bc-11e0851a3d56&#8243; title_text_color=\u00bb#FFFFFF\u00bb custom_margin=\u00bb||0px||false|false\u00bb hover_enabled=\u00bb0&#8243; global_colors_info=\u00bb{}\u00bb][\/et_pb_heading][et_pb_heading title=\u00bbL\u00edder tecnol\u00f3gico\u00bb _builder_version=\u00bb4.27.4&#8243; _module_preset=\u00bb34d24f87-4a46-481d-9cd7-d7ab5672358e\u00bb title_text_color=\u00bb#FFFFFF\u00bb custom_margin=\u00bb||10px||false|false\u00bb hover_enabled=\u00bb0&#8243; global_colors_info=\u00bb{}\u00bb][\/et_pb_heading][\/et_pb_column][et_pb_column type=\u00bb1_4&#8243; _builder_version=\u00bb4.27.4&#8243; _module_preset=\u00bbdefault\u00bb hover_enabled=\u00bb0&#8243; global_colors_info=\u00bb{}\u00bb][et_pb_image src=\u00bbhttps:\/\/demoia.tartesos.info\/wp-content\/uploads\/2025\/09\/professional-12b.jpg\u00bb title_text=\u00bbprofessional-12b\u00bb url=\u00bb#\u00bb _builder_version=\u00bb4.27.4&#8243; _module_preset=\u00bb69da0da0-2be5-4ff2-89fb-f87a599ac333&#8243; hover_enabled=\u00bb0&#8243; global_colors_info=\u00bb{}\u00bb][\/et_pb_image][et_pb_heading title=\u00bbLeila Murtaza\u00bb _builder_version=\u00bb4.27.4&#8243; _module_preset=\u00bb1c7b4815-840d-4aa5-82bc-11e0851a3d56&#8243; title_text_color=\u00bb#FFFFFF\u00bb custom_margin=\u00bb||0px||false|false\u00bb hover_enabled=\u00bb0&#8243; global_colors_info=\u00bb{}\u00bb][\/et_pb_heading][et_pb_heading title=\u00bbResponsable de marketing\u00bb _builder_version=\u00bb4.27.4&#8243; _module_preset=\u00bb34d24f87-4a46-481d-9cd7-d7ab5672358e\u00bb title_text_color=\u00bb#FFFFFF\u00bb custom_margin=\u00bb||10px||false|false\u00bb hover_enabled=\u00bb0&#8243; global_colors_info=\u00bb{}\u00bb][\/et_pb_heading][\/et_pb_column][\/et_pb_row][\/et_pb_section]<\/p>\n","protected":false},"excerpt":{"rendered":"<p>En Divi Corporate, potenciamos a las empresas con soluciones innovadoras que impulsan el crecimiento y el \u00e9xito. Nuestro compromiso con la excelencia, la estrategia y la innovaci\u00f3n nos ha convertido en un socio de confianza para las empresas que buscan mantenerse a la vanguardia en un mercado en constante evoluci\u00f3n. En Divi Corporate, potenciamos a [&hellip;]<\/p>\n","protected":false},"author":1,"featured_media":0,"parent":0,"menu_order":0,"comment_status":"closed","ping_status":"closed","template":"","meta":{"_et_pb_use_builder":"on","_et_pb_old_content":"","_et_gb_content_width":"","footnotes":""},"class_list":["post-12","page","type-page","status-publish","hentry"],"_links":{"self":[{"href":"https:\/\/demoia.tartesos.info\/index.php\/wp-json\/wp\/v2\/pages\/12","targetHints":{"allow":["GET"]}}],"collection":[{"href":"https:\/\/demoia.tartesos.info\/index.php\/wp-json\/wp\/v2\/pages"}],"about":[{"href":"https:\/\/demoia.tartesos.info\/index.php\/wp-json\/wp\/v2\/types\/page"}],"author":[{"embeddable":true,"href":"https:\/\/demoia.tartesos.info\/index.php\/wp-json\/wp\/v2\/users\/1"}],"replies":[{"embeddable":true,"href":"https:\/\/demoia.tartesos.info\/index.php\/wp-json\/wp\/v2\/comments?post=12"}],"version-history":[{"count":1,"href":"https:\/\/demoia.tartesos.info\/index.php\/wp-json\/wp\/v2\/pages\/12\/revisions"}],"predecessor-version":[{"id":31,"href":"https:\/\/demoia.tartesos.info\/index.php\/wp-json\/wp\/v2\/pages\/12\/revisions\/31"}],"wp:attachment":[{"href":"https:\/\/demoia.tartesos.info\/index.php\/wp-json\/wp\/v2\/media?parent=12"}],"curies":[{"name":"wp","href":"https:\/\/api.w.org\/{rel}","templated":true}]}}