{"id":14,"date":"2025-09-09T11:32:52","date_gmt":"2025-09-09T09:32:52","guid":{"rendered":"https:\/\/demoia.tartesos.info\/?page_id=14"},"modified":"2025-09-09T11:32:52","modified_gmt":"2025-09-09T09:32:52","slug":"service","status":"publish","type":"page","link":"https:\/\/demoia.tartesos.info\/index.php\/service\/","title":{"rendered":"Service"},"content":{"rendered":"<p>[et_pb_section fb_built=\u00bb1&#8243; admin_label=\u00bbHeader\u00bb _builder_version=\u00bb4.27.4&#8243; _module_preset=\u00bb10251801-efef-4743-9aa3-b0ca73343ec8&#8243; hover_enabled=\u00bb0&#8243; collapsed=\u00bbon\u00bb global_colors_info=\u00bb{}\u00bb][et_pb_row column_structure=\u00bb3_5,2_5&#8243; _builder_version=\u00bb4.27.4&#8243; _module_preset=\u00bbdefault\u00bb hover_enabled=\u00bb0&#8243; global_colors_info=\u00bb{}\u00bb][et_pb_column type=\u00bb3_5&#8243; _builder_version=\u00bb4.27.4&#8243; _module_preset=\u00bbdefault\u00bb hover_enabled=\u00bb0&#8243; global_colors_info=\u00bb{}\u00bb][et_pb_heading title=\u00bbPublicidad de Pago Por Clic (PPC)\u00bb _builder_version=\u00bb4.27.4&#8243; _module_preset=\u00bb0f4811ee-7580-4c88-849a-766062550f4e\u00bb hover_enabled=\u00bb0&#8243; global_colors_info=\u00bb{}\u00bb][\/et_pb_heading][et_pb_heading title=\u00bbMaximiza tu ROI con campa\u00f1as PPC basadas en datos\u00bb _builder_version=\u00bb4.27.4&#8243; _module_preset=\u00bb9ffeb772-870e-49b7-b107-0256374b87a6&#8243; hover_enabled=\u00bb0&#8243; global_colors_info=\u00bb{}\u00bb][\/et_pb_heading][\/et_pb_column][et_pb_column type=\u00bb2_5&#8243; _builder_version=\u00bb4.27.4&#8243; _module_preset=\u00bbdefault\u00bb hover_enabled=\u00bb0&#8243; global_colors_info=\u00bb{}\u00bb][et_pb_text _builder_version=\u00bb4.27.4&#8243; _module_preset=\u00bbfce49e43-acdc-4230-8578-cc8e8f16af92&#8243; hover_enabled=\u00bb0&#8243; global_colors_info=\u00bb{}\u00bb]Consigue visibilidad instant\u00e1nea, atrae clientes con alta intenci\u00f3n de compra y aumenta tus ventas con estrategias PPC expertamente gestionadas y adaptadas a tu negocio.[\/et_pb_text][et_pb_button button_text=\u00bbObt\u00e9n una auditor\u00eda PPC gratuita\u00bb _builder_version=\u00bb4.27.4&#8243; _module_preset=\u00bb75ac17c5-eda9-4b24-ad92-41de2f2d940c\u00bb hover_enabled=\u00bb0&#8243; global_colors_info=\u00bb{}\u00bb][\/et_pb_button][\/et_pb_column][\/et_pb_row][\/et_pb_section][et_pb_section fb_built=\u00bb1&#8243; admin_label=\u00bbService\u00bb _builder_version=\u00bb4.27.4&#8243; _module_preset=\u00bbdefault\u00bb hover_enabled=\u00bb0&#8243; collapsed=\u00bbon\u00bb global_colors_info=\u00bb{}\u00bb][et_pb_row column_structure=\u00bb1_2,1_2&#8243; _builder_version=\u00bb4.27.4&#8243; _module_preset=\u00bbdefault\u00bb hover_enabled=\u00bb0&#8243; global_colors_info=\u00bb{}\u00bb][et_pb_column type=\u00bb1_2&#8243; _builder_version=\u00bb4.27.4&#8243; _module_preset=\u00bbdefault\u00bb hover_enabled=\u00bb0&#8243; global_colors_info=\u00bb{}\u00bb][et_pb_image src=\u00bbhttps:\/\/demoia.tartesos.info\/wp-content\/uploads\/2025\/09\/professional-17.jpg\u00bb title_text=\u00bbprofessional-17&#8243; _builder_version=\u00bb4.27.4&#8243; _module_preset=\u00bb112d06e4-8e33-4203-9fa8-f211d05aeb05&#8243; hover_enabled=\u00bb0&#8243; global_colors_info=\u00bb{}\u00bb][\/et_pb_image][\/et_pb_column][et_pb_column type=\u00bb1_2&#8243; _builder_version=\u00bb4.27.4&#8243; _module_preset=\u00bbdefault\u00bb hover_enabled=\u00bb0&#8243; global_colors_info=\u00bb{}\u00bb][et_pb_heading title=\u00bb\u00bfPor qu\u00e9 elegir nuestros servicios PPC?\u00bb _builder_version=\u00bb4.27.4&#8243; _module_preset=\u00bbf3b7b029-7c60-404f-b28a-6e4fefca25a0&#8243; custom_margin=\u00bb||10px||false|false\u00bb hover_enabled=\u00bb0&#8243; global_colors_info=\u00bb{}\u00bb][\/et_pb_heading][et_pb_text _builder_version=\u00bb4.27.4&#8243; _module_preset=\u00bbdefault\u00bb hover_enabled=\u00bb0&#8243; global_colors_info=\u00bb{}\u00bb]Estamos especializados en publicidad PPC de alto rendimiento que garantiza el uso eficiente de tu presupuesto, generando el m\u00e1ximo de contactos y ventas. Nuestro enfoque basado en datos y optimizaci\u00f3n continua asegura un \u00e9xito medible.[\/et_pb_text][et_pb_heading title=\u00bb\u00bfQu\u00e9 nos diferencia?\u00bb _builder_version=\u00bb4.27.4&#8243; _module_preset=\u00bb1c7b4815-840d-4aa5-82bc-11e0851a3d56&#8243; custom_margin=\u00bb||10px||false|false\u00bb hover_enabled=\u00bb0&#8243; global_colors_info=\u00bb{}\u00bb][\/et_pb_heading][et_pb_text _builder_version=\u00bb4.27.4&#8243; _module_preset=\u00bbdefault\u00bb hover_enabled=\u00bb0&#8243; global_colors_info=\u00bb{}\u00bb]<\/p>\n<ul>\n<li>Campa\u00f1as publicitarias dirigidas \u2013 Alcanzamos al p\u00fablico adecuado en el momento justo.<\/li>\n<li>Estrategias enfocadas en la conversi\u00f3n \u2013 Cada clic cuenta, impulsando un verdadero crecimiento empresarial.<\/li>\n<li>Advanced Tracking &amp; Analytics \u2013 Transparent reporting for data-backed decisions.<\/li>\n<\/ul>\n<p>[\/et_pb_text][\/et_pb_column][\/et_pb_row][\/et_pb_section][et_pb_section fb_built=\u00bb1&#8243; admin_label=\u00bbFAQ\u00bb _builder_version=\u00bb4.27.4&#8243; _module_preset=\u00bbdefault\u00bb hover_enabled=\u00bb0&#8243; collapsed=\u00bbon\u00bb global_colors_info=\u00bb{}\u00bb][et_pb_row _builder_version=\u00bb4.27.4&#8243; _module_preset=\u00bbdefault\u00bb hover_enabled=\u00bb0&#8243; global_colors_info=\u00bb{}\u00bb][et_pb_column type=\u00bb4_4&#8243; _builder_version=\u00bb4.27.4&#8243; _module_preset=\u00bbdefault\u00bb hover_enabled=\u00bb0&#8243; global_colors_info=\u00bb{}\u00bb][et_pb_heading title=\u00bbPreguntas frecuentes\u00bb _builder_version=\u00bb4.27.4&#8243; _module_preset=\u00bbf3b7b029-7c60-404f-b28a-6e4fefca25a0&#8243; hover_enabled=\u00bb0&#8243; global_colors_info=\u00bb{}\u00bb][\/et_pb_heading][et_pb_accordion _builder_version=\u00bb4.27.4&#8243; _module_preset=\u00bbab0591e5-24df-4ac2-b74a-57febcec32d4&#8243; hover_enabled=\u00bb0&#8243; global_colors_info=\u00bb{}\u00bb][et_pb_accordion_item title=\u00bb\u00bfQu\u00e9 es la publicidad PPC?\u00bb open=\u00bbon\u00bb _builder_version=\u00bb4.27.4&#8243; _module_preset=\u00bbdefault\u00bb hover_enabled=\u00bb0&#8243; global_colors_info=\u00bb{}\u00bb]La publicidad PPC (Pago Por Clic) es una forma de marketing online en la que pagas por cada clic en tu anuncio. Esto te permite llegar r\u00e1pidamente a clientes potenciales que est\u00e1n buscando activamente productos o servicios como los tuyos en motores de b\u00fasqueda y otros sitios web.[\/et_pb_accordion_item][et_pb_accordion_item title=\u00bb\u00bfC\u00f3mo funciona la publicidad PPC?\u00bb _builder_version=\u00bb4.27.4&#8243; _module_preset=\u00bbdefault\u00bb hover_enabled=\u00bb0&#8243; global_colors_info=\u00bb{}\u00bb]Creas anuncios dirigidos que aparecen cuando las personas buscan palabras clave relacionadas con tu negocio. Cuando alguien hace clic en tu anuncio, es dirigido a tu sitio web o p\u00e1gina de destino. Solo pagas cuando alguien hace clic, lo que lo convierte en una forma rentable de generar contactos y ventas.[\/et_pb_accordion_item][et_pb_accordion_item title=\u00bb\u00bfCu\u00e1les son los beneficios de la publicidad PPC?\u00bb _builder_version=\u00bb4.27.4&#8243; _module_preset=\u00bbdefault\u00bb hover_enabled=\u00bb0&#8243; global_colors_info=\u00bb{}\u00bb]La publicidad PPC ofrece numerosas ventajas. En primer lugar, proporciona resultados r\u00e1pidos, permiti\u00e9ndote ver los efectos de tus campa\u00f1as en poco tiempo. En segundo lugar, permite una segmentaci\u00f3n altamente precisa, enfocando tus anuncios en p\u00fablicos espec\u00edficos por demograf\u00eda, intereses o ubicaci\u00f3n, asegurando que tu mensaje llegue a la audiencia m\u00e1s relevante. En tercer lugar, ofrece resultados medibles, permiti\u00e9ndote rastrear el rendimiento en tiempo real y hacer ajustes necesarios para optimizar. Por \u00faltimo, puede ser rentable, ya que solo pagas por los clics, lo que la convierte en una forma potencialmente eficaz de generar contactos y ventas.[\/et_pb_accordion_item][et_pb_accordion_item title=\u00bb\u00bfCu\u00e1nto cuesta la publicidad PPC?\u00bb _builder_version=\u00bb4.27.4&#8243; _module_preset=\u00bbdefault\u00bb hover_enabled=\u00bb0&#8243; global_colors_info=\u00bb{}\u00bb]El coste de la publicidad PPC es variable y depende de varios factores. Entre ellos se encuentra tu sector, ya que las industrias muy competitivas suelen tener costes publicitarios m\u00e1s altos. Tu p\u00fablico objetivo tambi\u00e9n influye, ya que dirigir anuncios a ciertas demograf\u00edas o intereses puede afectar el precio. Adem\u00e1s, tu estrategia de puja \u2014lo que est\u00e1s dispuesto a pagar por clic\u2014 impacta directamente en tu gasto total.[\/et_pb_accordion_item][et_pb_accordion_item title=\u00bb\u00bfC\u00f3mo puedo empezar con la publicidad PPC?\u00bb _builder_version=\u00bb4.27.4&#8243; _module_preset=\u00bbdefault\u00bb hover_enabled=\u00bb0&#8243; global_colors_info=\u00bb{}\u00bb]Para comenzar con la publicidad PPC, es esencial investigar a fondo y familiarizarte con el proceso. Luego, establece un presupuesto para definir tus l\u00edmites de gasto. Elige una plataforma PPC adecuada, como Google Ads o Bing Ads, y crea una campa\u00f1a dirigida que se alinee con los objetivos de tu negocio. Finalmente, supervisa continuamente el rendimiento de la campa\u00f1a y realiza los ajustes necesarios para optimizar los resultados.[\/et_pb_accordion_item][\/et_pb_accordion][\/et_pb_column][\/et_pb_row][\/et_pb_section]<\/p>\n","protected":false},"excerpt":{"rendered":"<p>Consigue visibilidad instant\u00e1nea, atrae clientes con alta intenci\u00f3n de compra y aumenta tus ventas con estrategias PPC expertamente gestionadas y adaptadas a tu negocio.Estamos especializados en publicidad PPC de alto rendimiento que garantiza el uso eficiente de tu presupuesto, generando el m\u00e1ximo de contactos y ventas. Nuestro enfoque basado en datos y optimizaci\u00f3n continua asegura [&hellip;]<\/p>\n","protected":false},"author":1,"featured_media":0,"parent":0,"menu_order":0,"comment_status":"closed","ping_status":"closed","template":"","meta":{"_et_pb_use_builder":"on","_et_pb_old_content":"","_et_gb_content_width":"","footnotes":""},"class_list":["post-14","page","type-page","status-publish","hentry"],"_links":{"self":[{"href":"https:\/\/demoia.tartesos.info\/index.php\/wp-json\/wp\/v2\/pages\/14","targetHints":{"allow":["GET"]}}],"collection":[{"href":"https:\/\/demoia.tartesos.info\/index.php\/wp-json\/wp\/v2\/pages"}],"about":[{"href":"https:\/\/demoia.tartesos.info\/index.php\/wp-json\/wp\/v2\/types\/page"}],"author":[{"embeddable":true,"href":"https:\/\/demoia.tartesos.info\/index.php\/wp-json\/wp\/v2\/users\/1"}],"replies":[{"embeddable":true,"href":"https:\/\/demoia.tartesos.info\/index.php\/wp-json\/wp\/v2\/comments?post=14"}],"version-history":[{"count":1,"href":"https:\/\/demoia.tartesos.info\/index.php\/wp-json\/wp\/v2\/pages\/14\/revisions"}],"predecessor-version":[{"id":33,"href":"https:\/\/demoia.tartesos.info\/index.php\/wp-json\/wp\/v2\/pages\/14\/revisions\/33"}],"wp:attachment":[{"href":"https:\/\/demoia.tartesos.info\/index.php\/wp-json\/wp\/v2\/media?parent=14"}],"curies":[{"name":"wp","href":"https:\/\/api.w.org\/{rel}","templated":true}]}}